{"id":2666,"date":"2024-01-22T21:19:37","date_gmt":"2024-01-22T20:19:37","guid":{"rendered":"https:\/\/new.fcpe-pensio.ch\/kontakt\/"},"modified":"2024-01-22T21:19:37","modified_gmt":"2024-01-22T20:19:37","slug":"kontakt","status":"publish","type":"page","link":"https:\/\/fcpe-pensio.ch\/de\/kontakt\/","title":{"rendered":"Kontakt"},"content":{"rendered":"<section class=\"gb-container gb-container-a4adddaa\">\n<div class=\"gb-container gb-container-92ffa5ba\">\n<div class=\"gb-container gb-container-1f6b9cc9\">\n\n<h2 class=\"gb-headline gb-headline-85a6c82f gb-headline-text\">Kontaktdaten<\/h2>\n\n\n\n<p>Mit diesem Formular k\u00f6nnen Sie uns eine Anfrage f\u00fcr ein Angebot oder andere allgemeine Anfragen bez\u00fcglich der Stiftung zukommen lassen.<\/p>\n\n\n\n<p>F\u00fcr alle laufenden Verwaltungsfragen w\u00e4ren wir Ihnen dankbar, wenn Sie sich direkt an die Stiftung wenden w\u00fcrden, entweder telefonisch oder per Post.<\/p>\n\n\n<div class=\"gb-container gb-container-b108890d\">\n<div class=\"gb-container gb-container-30000f2f\">\n<div class=\"gb-container gb-container-7adc10a9\">\n\n<p class=\"gb-headline gb-headline-12970e52 gb-headline-text\">Adresse<\/p>\n\n\n\n<p>Sammelstiftung FCPE-Pensio<\/p>\n\n\n\n<p>c\/o Banque Cantonale Vaudoise<\/p>\n\n\n\n<p>Postfach 300<\/p>\n\n\n\n<p>1001 Lausanne<\/p>\n\n\n\n<p class=\"gb-headline gb-headline-78814009 gb-headline-text\"><\/p>\n\n<\/div>\n<\/div>\n<\/div>\n<\/div>\n\n<div class=\"gb-container gb-container-407723e0\">\n\n<h2 class=\"gb-headline gb-headline-d3937af9 gb-headline-text\">Ihre Nachricht<\/h2>\n\n\n<div class=\"gb-container gb-container-37502456\"><\/div>\n\n\n<figure class=\"gb-block-image gb-block-image-27dacfb3\"><img loading=\"lazy\" decoding=\"async\" width=\"1000\" height=\"359\" class=\"gb-image gb-image-27dacfb3\" src=\"https:\/\/new.fcpe-pensio.ch\/wp-content\/uploads\/2024\/03\/Banque_Cantonale_Vaudoise_Lausanne_Suisse-2.jpg\" alt=\"\" title=\"Banque_Cantonale_Vaudoise_Lausanne_Suisse-2\" srcset=\"https:\/\/fcpe-pensio.ch\/wp-content\/uploads\/2024\/03\/Banque_Cantonale_Vaudoise_Lausanne_Suisse-2.jpg 1000w, https:\/\/fcpe-pensio.ch\/wp-content\/uploads\/2024\/03\/Banque_Cantonale_Vaudoise_Lausanne_Suisse-2-300x108.jpg 300w, https:\/\/fcpe-pensio.ch\/wp-content\/uploads\/2024\/03\/Banque_Cantonale_Vaudoise_Lausanne_Suisse-2-768x276.jpg 768w\" sizes=\"auto, (max-width: 1000px) 100vw, 1000px\" \/><\/figure>\n\n\n<div class=\"gb-container gb-container-2ba69298\">\n\n<div class=\"wp-block-contact-form-7-contact-form-selector\">\n<div class=\"wpcf7 no-js\" id=\"wpcf7-f2579-o1\" lang=\"fr-FR\" dir=\"ltr\" data-wpcf7-id=\"2579\">\n<div class=\"screen-reader-response\"><p role=\"status\" aria-live=\"polite\" aria-atomic=\"true\"><\/p> <ul><\/ul><\/div>\n<form action=\"\/de\/wp-json\/wp\/v2\/pages\/2666#wpcf7-f2579-o1\" method=\"post\" class=\"wpcf7-form init\" aria-label=\"Formulaire de contact\" novalidate=\"novalidate\" data-status=\"init\">\n<fieldset class=\"hidden-fields-container\"><input type=\"hidden\" name=\"_wpcf7\" value=\"2579\" \/><input type=\"hidden\" name=\"_wpcf7_version\" value=\"6.1.5\" \/><input type=\"hidden\" name=\"_wpcf7_locale\" value=\"fr_FR\" \/><input type=\"hidden\" name=\"_wpcf7_unit_tag\" value=\"wpcf7-f2579-o1\" \/><input type=\"hidden\" name=\"_wpcf7_container_post\" value=\"0\" \/><input type=\"hidden\" name=\"_wpcf7_posted_data_hash\" value=\"\" \/>\n<\/fieldset>\n<p><label><br \/>\nVotre nom<br \/>\n<span class=\"wpcf7-form-control-wrap\" data-name=\"your-name\"><input size=\"40\" maxlength=\"400\" class=\"wpcf7-form-control wpcf7-text wpcf7-validates-as-required\" autocomplete=\"name\" aria-required=\"true\" aria-invalid=\"false\" value=\"\" type=\"text\" name=\"your-name\" \/><\/span><br \/>\n<\/label>\n<\/p>\n<p><label>Votre e-mail<br \/>\n<span class=\"wpcf7-form-control-wrap\" data-name=\"your-email\"><input size=\"40\" maxlength=\"400\" class=\"wpcf7-form-control wpcf7-email wpcf7-validates-as-required wpcf7-text wpcf7-validates-as-email\" autocomplete=\"email\" aria-required=\"true\" aria-invalid=\"false\" value=\"\" type=\"email\" name=\"your-email\" \/><\/span><br \/>\n<\/label>\n<\/p>\n<p><label><br \/>\nObjet<br \/>\n<span class=\"wpcf7-form-control-wrap\" data-name=\"your-subject\"><input size=\"40\" maxlength=\"400\" class=\"wpcf7-form-control wpcf7-text wpcf7-validates-as-required\" aria-required=\"true\" aria-invalid=\"false\" value=\"\" type=\"text\" name=\"your-subject\" \/><\/span><br \/>\n<\/label>\n<\/p>\n<p><label><br \/>\nVotre message<br \/>\n<span class=\"wpcf7-form-control-wrap\" data-name=\"your-message\"><textarea cols=\"40\" rows=\"10\" maxlength=\"2000\" class=\"wpcf7-form-control wpcf7-textarea\" aria-invalid=\"false\" name=\"your-message\"><\/textarea><\/span><br \/>\n<\/label>\n<\/p>\n<p><input class=\"wpcf7-form-control wpcf7-submit has-spinner\" type=\"submit\" value=\"Envoyer\" \/>\n<\/p><div class=\"wpcf7-response-output\" aria-hidden=\"true\"><\/div>\n<\/form>\n<\/div>\n<\/div>\n\n<\/div>\n<\/div>\n<\/div>\n<\/section>\n\n<section class=\"gb-container gb-container-ad860e87\"><\/section>","protected":false},"excerpt":{"rendered":"<p>Kontaktdaten Mit diesem Formular k\u00f6nnen Sie uns eine Anfrage f\u00fcr ein Angebot oder andere allgemeine Anfragen bez\u00fcglich der Stiftung zukommen lassen. F\u00fcr alle laufenden Verwaltungsfragen w\u00e4ren wir Ihnen dankbar, wenn Sie sich direkt an die Stiftung wenden w\u00fcrden, entweder telefonisch oder per Post. Adresse Sammelstiftung FCPE-Pensio c\/o Banque Cantonale Vaudoise Postfach 300 1001 Lausanne Ihre &#8230; <a title=\"Kontakt\" class=\"read-more\" href=\"https:\/\/fcpe-pensio.ch\/de\/kontakt\/\" aria-label=\"Mehr Informationen \u00fcber Kontakt\">Weiterlesen &#8230;<\/a><\/p>\n","protected":false},"author":1,"featured_media":0,"parent":0,"menu_order":0,"comment_status":"closed","ping_status":"closed","template":"","meta":{"footnotes":""},"class_list":["post-2666","page","type-page","status-publish"],"_links":{"self":[{"href":"https:\/\/fcpe-pensio.ch\/de\/wp-json\/wp\/v2\/pages\/2666","targetHints":{"allow":["GET"]}}],"collection":[{"href":"https:\/\/fcpe-pensio.ch\/de\/wp-json\/wp\/v2\/pages"}],"about":[{"href":"https:\/\/fcpe-pensio.ch\/de\/wp-json\/wp\/v2\/types\/page"}],"author":[{"embeddable":true,"href":"https:\/\/fcpe-pensio.ch\/de\/wp-json\/wp\/v2\/users\/1"}],"replies":[{"embeddable":true,"href":"https:\/\/fcpe-pensio.ch\/de\/wp-json\/wp\/v2\/comments?post=2666"}],"version-history":[{"count":0,"href":"https:\/\/fcpe-pensio.ch\/de\/wp-json\/wp\/v2\/pages\/2666\/revisions"}],"wp:attachment":[{"href":"https:\/\/fcpe-pensio.ch\/de\/wp-json\/wp\/v2\/media?parent=2666"}],"curies":[{"name":"wp","href":"https:\/\/api.w.org\/{rel}","templated":true}]}}