{"id":2665,"date":"2024-01-22T21:18:36","date_gmt":"2024-01-22T20:18:36","guid":{"rendered":"https:\/\/new.fcpe-pensio.ch\/betrieb\/"},"modified":"2024-01-22T21:18:36","modified_gmt":"2024-01-22T20:18:36","slug":"betrieb","status":"publish","type":"page","link":"https:\/\/fcpe-pensio.ch\/de\/betrieb\/","title":{"rendered":"Betrieb"},"content":{"rendered":"\n<h2 class=\"gb-headline gb-headline-d89da172 gb-headline-text\"><strong>Was sind die Erfolgsfaktoren unserer Stiftung?<\/strong><\/h2>\n\n\n\n<ul class=\"wp-block-list\">\n<li>Umfassendes Angebot<\/li>\n\n\n\n<li>Bedingungen f\u00fcr R\u00fcckversicherungen<\/li>\n\n\n\n<li>Transparente Rechnungsstellung<\/li>\n\n\n\n<li>Technologien<\/li>\n\n\n\n<li>Vorsorgepl\u00e4ne<\/li>\n\n\n\n<li>Partnerschaft mit Ihrem derzeitigen Berater<\/li>\n<\/ul>\n\n\n\n<h3 class=\"wp-block-heading\"><strong>Ein umfassendes Angebot<\/strong><\/h3>\n\n\n\n<p>Die Sammelstiftung FCPE-Pensio bietet den angeschlossenen Arbeitgebern sowie ihren Arbeitnehmerinnen und Arbeitnehmern eine breite Palette an Dienstleistungen. Von der Erstellung des Vorsorgeplans bis zur Information der Versicherten: Die von der Sammelstiftung FCPE-Pensio erbrachten Dienstleistungen sind von h\u00f6chster Qualit\u00e4t und entlasten Sie bei der Verwaltung von Vorsorgefragen.<\/p>\n\n\n\n<h3 class=\"wp-block-heading\"><strong>Attraktive R\u00fcckversicherungsbedingungen<\/strong><\/h3>\n\n\n\n<p>Die Stiftung versichert ihre Mitglieder gegen das Invalidit\u00e4tsrisiko, das Todesfallrisiko und das Langlebigkeitsrisiko.<\/p>\n\n\n\n<p>Die Stiftung versichert die Risiken der Langlebigkeit selbst zur\u00fcck und greift auf eine\/mehrere Lebensversicherungsgesellschaft\/en zur\u00fcck, um die Risiken der Invalidit\u00e4t und des Todes zur\u00fcck zu versichern.<\/p>\n\n\n\n<p>Die Altersrenten werden&nbsp; durch das angesparte Kapital der Versicherten finanziert, wenn sie in den Ruhestand gehen. Dieses Kapital wird von der Stiftung w\u00e4hrend der aktiven Zeit des Versicherten verwaltet.<\/p>\n\n\n\n<p>Die Leistungen bei Invalidit\u00e4t und Tod werden von einem Versicherer gegen eine Risikopr\u00e4mie garantiert.<\/p>\n\n\n\n<h3 class=\"wp-block-heading\"><strong>Eine transparente Geb\u00fchrenabrechnung<\/strong><\/h3>\n\n\n\n<p>Die Sammelstiftung FCPE-Pensio stellt den angeschlossenen Unternehmen die Verwaltungskosten im Verh\u00e4ltnis zu den versicherten L\u00f6hnen in Rechnung. Diese Verwaltungsgeb\u00fchren erm\u00f6glichen eine qualitativ hochwertige Arbeit, die von qualifizierten Verwaltern durchgef\u00fchrt wird, die von Branchenspezialisten unterst\u00fctzt werden.<\/p>\n\n\n\n<h3 class=\"wp-block-heading\"><strong>Ein flexibler Plan f\u00fcr Kunden und ein Standardplan f\u00fcr die Verwaltung<\/strong><\/h3>\n\n\n\n<p>Die Sammelstiftung FCPE-Pensio bietet ihren Kunden einen Standard-Versicherungsplan an, der durch den Anhang zum Reglement erg\u00e4nzt wird, der die Definition der variablen Aspekte enth\u00e4lt. So wird Ihnen Flexibilit\u00e4t in Bezug auf alle Aspekte, die mit Ihren Bed\u00fcrfnissen zusammenh\u00e4ngen, garantiert, w\u00e4hrend die Standardisierung bestimmter Elemente eine Senkung der Verwaltungskosten erm\u00f6glicht, von der Sie direkt profitieren.<\/p>\n\n\n\n<h3 class=\"wp-block-heading\"><strong>Partnerschaft mit Ihrem derzeitigen Berater<\/strong><\/h3>\n\n\n\n<p>Ihr Personalverantwortlicher kennt die Struktur Ihres Unternehmens, Ihr Versicherungsportfolio und die geltenden Gesetze. Er ist Ihr verl\u00e4sslicher Partner, der Sie bei der Auswahl Ihrer Vorsorgepl\u00e4ne ber\u00e4t und es uns erm\u00f6glicht, unsere L\u00f6sung auf Ihr Unternehmen abzustimmen.<\/p>\n\n\n\n<h1 class=\"wp-block-heading\">Vorteile<\/h1>\n\n\n\n<h3 class=\"wp-block-heading\"><strong>Was bringt mir die FCPE-Pensio Sammelstiftung?<\/strong><\/h3>\n\n\n\n<p>Die Sammelstiftung FCPE-Pensio bietet kleinen und mittleren Unternehmen die M\u00f6glichkeit, durch den Anschluss ihrer Belegschaft an die Sammelstiftung FCPE-Pensio zahlreiche Vorteile zu erlangen.<\/p>\n\n\n\n<ul class=\"wp-block-list\">\n<li>Wahl der Art der Platzierung<\/li>\n\n\n\n<li>Wahl des Finanzpartners<\/li>\n\n\n\n<li>Flexibilit\u00e4t<\/li>\n\n\n\n<li>Kontrolle der Kosten<\/li>\n\n\n\n<li>H\u00f6chste Qualit\u00e4t<\/li>\n\n\n\n<li>Zufriedenheit Ihrer Mitarbeiter<\/li>\n<\/ul>\n\n\n\n<h3 class=\"wp-block-heading\"><strong>Gewinnen Sie an Flexibilit\u00e4t!<\/strong><\/h3>\n\n\n\n<p>Die Sammelstiftung FCPE-Pensio bietet Ihnen die M\u00f6glichkeit, bestimmte Parameter in Ihrem Versicherungsplan festzulegen, mehrere Pl\u00e4ne zu kombinieren oder variable L\u00f6hne zu versichern. So k\u00f6nnen Sie Ihr Vorsorgemodell an Ihre Bed\u00fcrfnisse anpassen.<\/p>\n\n\n\n<h3 class=\"wp-block-heading\"><strong>Kontrollieren Sie Ihre Kosten!<\/strong><\/h3>\n\n\n\n<p>Durch die Transparenz bei der Sch\u00e4tzung und Fakturierung der Kosten durch die Sammelstiftung FCPE-Pensio wissen Sie jederzeit, was Sie f\u00fcr die Verwaltung der beruflichen Vorsorge Ihrer Mitarbeiterinnen und Mitarbeiter ausgeben.<\/p>\n\n\n\n<h3 class=\"wp-block-heading\"><strong>Ihre Mitarbeiter beruhigen und informieren<\/strong><\/h3>\n\n\n\n<p>Die Verm\u00f6gensverwalter der Sammelstiftung FCPE-Pensio beantworten die Fragen Ihrer Angestellten klar und direkt. Deshalb kann sich jeder \u00fcber die M\u00f6glichkeiten informieren, die ihm je nach Alter und Zukunftspl\u00e4nen offen stehen.<\/p>\n\n\n<section class=\"gb-container gb-container-74401ed2\"><\/section>\n\n<section class=\"gb-container gb-container-05c0deeb\">\n<div class=\"gb-container gb-container-851a1386\">\n\n<h2 class=\"gb-headline gb-headline-bf34ca23\"><span class=\"gb-icon\"><\/span><span class=\"gb-headline-text\">Sicherheit &#8211; Flexibilit\u00e4t &#8211; Servicequalit\u00e4t<\/span><\/h2>\n\n\n\n<p class=\"gb-headline gb-headline-03811a2f gb-headline-text\"><\/p>\n\n<\/div>\n<\/section>","protected":false},"excerpt":{"rendered":"<p>Was sind die Erfolgsfaktoren unserer Stiftung? Ein umfassendes Angebot Die Sammelstiftung FCPE-Pensio bietet den angeschlossenen Arbeitgebern sowie ihren Arbeitnehmerinnen und Arbeitnehmern eine breite Palette an Dienstleistungen. Von der Erstellung des Vorsorgeplans bis zur Information der Versicherten: Die von der Sammelstiftung FCPE-Pensio erbrachten Dienstleistungen sind von h\u00f6chster Qualit\u00e4t und entlasten Sie bei der Verwaltung von Vorsorgefragen. &#8230; <a title=\"Betrieb\" class=\"read-more\" href=\"https:\/\/fcpe-pensio.ch\/de\/betrieb\/\" aria-label=\"Mehr Informationen \u00fcber Betrieb\">Weiterlesen &#8230;<\/a><\/p>\n","protected":false},"author":1,"featured_media":0,"parent":0,"menu_order":0,"comment_status":"closed","ping_status":"closed","template":"","meta":{"footnotes":""},"class_list":["post-2665","page","type-page","status-publish"],"_links":{"self":[{"href":"https:\/\/fcpe-pensio.ch\/de\/wp-json\/wp\/v2\/pages\/2665","targetHints":{"allow":["GET"]}}],"collection":[{"href":"https:\/\/fcpe-pensio.ch\/de\/wp-json\/wp\/v2\/pages"}],"about":[{"href":"https:\/\/fcpe-pensio.ch\/de\/wp-json\/wp\/v2\/types\/page"}],"author":[{"embeddable":true,"href":"https:\/\/fcpe-pensio.ch\/de\/wp-json\/wp\/v2\/users\/1"}],"replies":[{"embeddable":true,"href":"https:\/\/fcpe-pensio.ch\/de\/wp-json\/wp\/v2\/comments?post=2665"}],"version-history":[{"count":0,"href":"https:\/\/fcpe-pensio.ch\/de\/wp-json\/wp\/v2\/pages\/2665\/revisions"}],"wp:attachment":[{"href":"https:\/\/fcpe-pensio.ch\/de\/wp-json\/wp\/v2\/media?parent=2665"}],"curies":[{"name":"wp","href":"https:\/\/api.w.org\/{rel}","templated":true}]}}