{"id":2664,"date":"2024-01-22T21:17:47","date_gmt":"2024-01-22T20:17:47","guid":{"rendered":"https:\/\/new.fcpe-pensio.ch\/die-stiftung\/"},"modified":"2024-01-22T21:17:47","modified_gmt":"2024-01-22T20:17:47","slug":"die-stiftung","status":"publish","type":"page","link":"https:\/\/fcpe-pensio.ch\/de\/die-stiftung\/","title":{"rendered":"Die Stiftung"},"content":{"rendered":"<section class=\"gb-container gb-container-54e4e0da\">\n<div class=\"gb-container gb-container-37f383c2\">\n<div class=\"gb-container gb-container-3c2606f1\">\n\n<h2 class=\"gb-headline gb-headline-c1d1ec1d gb-headline-text\">Sammelstiftung <mark class=\"gb-highlight\">FCPE-Pensio<\/mark><\/h2>\n\n\n\n<p>FCPE-Pensio ist eine Sammelstiftung, der sich selbstst\u00e4ndige Arbeitgeber anschlie\u00dfen k\u00f6nnen, um das obligatorische oder freiwillige System der beruflichen Vorsorge anzuwenden.<\/p>\n\n\n\n<p>Jeder Arbeitgeber unterzeichnet einen Anschlussvertrag und bildet damit innerhalb der Einrichtung ein Vorsorgewerk, das wiederum mehrere Vorsorgepl\u00e4ne enthalten kann.<\/p>\n\n\n\n<p class=\"gb-headline gb-headline-291b5fc2 gb-headline-text\"><\/p>\n\n<\/div>\n\n<div class=\"gb-container gb-container-05970008\">\n\n<figure class=\"gb-block-image gb-block-image-39d67089\"><img loading=\"lazy\" decoding=\"async\" width=\"825\" height=\"550\" class=\"gb-image gb-image-39d67089\" src=\"https:\/\/new.fcpe-pensio.ch\/wp-content\/uploads\/2024\/03\/1667893255_Montreux-Quai-des-fleurs.jpg\" alt=\"\" title=\"1667893255_Montreux-Quai-des-fleurs\" srcset=\"https:\/\/fcpe-pensio.ch\/wp-content\/uploads\/2024\/03\/1667893255_Montreux-Quai-des-fleurs.jpg 825w, https:\/\/fcpe-pensio.ch\/wp-content\/uploads\/2024\/03\/1667893255_Montreux-Quai-des-fleurs-300x200.jpg 300w, https:\/\/fcpe-pensio.ch\/wp-content\/uploads\/2024\/03\/1667893255_Montreux-Quai-des-fleurs-768x512.jpg 768w\" sizes=\"auto, (max-width: 825px) 100vw, 825px\" \/><\/figure>\n\n<\/div>\n\n<div class=\"gb-container gb-container-90b96eaa\">\n\n<figure class=\"gb-block-image gb-block-image-cb74050d\"><img loading=\"lazy\" decoding=\"async\" width=\"1800\" height=\"1800\" class=\"gb-image gb-image-cb74050d\" src=\"https:\/\/new.fcpe-pensio.ch\/wp-content\/uploads\/2024\/03\/42817_32001800-1.jpeg\" alt=\"\" title=\"42817_32001800-1\" srcset=\"https:\/\/fcpe-pensio.ch\/wp-content\/uploads\/2024\/03\/42817_32001800-1.jpeg 1800w, https:\/\/fcpe-pensio.ch\/wp-content\/uploads\/2024\/03\/42817_32001800-1-300x300.jpeg 300w, https:\/\/fcpe-pensio.ch\/wp-content\/uploads\/2024\/03\/42817_32001800-1-1024x1024.jpeg 1024w, https:\/\/fcpe-pensio.ch\/wp-content\/uploads\/2024\/03\/42817_32001800-1-150x150.jpeg 150w, https:\/\/fcpe-pensio.ch\/wp-content\/uploads\/2024\/03\/42817_32001800-1-768x768.jpeg 768w, https:\/\/fcpe-pensio.ch\/wp-content\/uploads\/2024\/03\/42817_32001800-1-1536x1536.jpeg 1536w\" sizes=\"auto, (max-width: 1800px) 100vw, 1800px\" \/><\/figure>\n\n<\/div>\n<\/div>\n<\/section>\n\n<section class=\"gb-container gb-container-71cfbdfd\">\n<div class=\"gb-container gb-container-a225b655\">\n<div class=\"gb-container gb-container-bcf827a9\">\n<div class=\"gb-grid-wrapper gb-grid-wrapper-1b61c491\">\n<div class=\"gb-grid-column gb-grid-column-9a64ba3f\"><div class=\"gb-container gb-container-9a64ba3f\">\n\n<h2 class=\"gb-headline gb-headline-23176340 gb-headline-text\">2003<\/h2>\n\n\n\n<p class=\"gb-headline gb-headline-660c0a79 gb-headline-text\">Gegr\u00fcndet 2003<\/p>\n\n<\/div><\/div>\n\n<div class=\"gb-grid-column gb-grid-column-a12b4a2e\"><div class=\"gb-container gb-container-a12b4a2e\">\n\n<h2 class=\"gb-headline gb-headline-5c5a6514 gb-headline-text\">1200+<\/h2>\n\n\n\n<p class=\"gb-headline gb-headline-34e56c89 gb-headline-text\">Aktive Versicherte<\/p>\n\n<\/div><\/div>\n\n<div class=\"gb-grid-column gb-grid-column-7e96168e\"><div class=\"gb-container gb-container-7e96168e\">\n\n<h2 class=\"gb-headline gb-headline-ccadea36 gb-headline-text\">150<\/h2>\n\n\n\n<p class=\"gb-headline gb-headline-895b1ecb gb-headline-text\">Bilanz von MCHF 150<\/p>\n\n<\/div><\/div>\n\n<div class=\"gb-grid-column gb-grid-column-9941731f\"><div class=\"gb-container gb-container-9941731f\">\n\n<h2 class=\"gb-headline gb-headline-76c92fa1 gb-headline-text\">9<\/h2>\n\n\n\n<p class=\"gb-headline gb-headline-e350b002 gb-headline-text\">Angeschlossene Unternehmen<\/p>\n\n<\/div><\/div>\n<\/div>\n<\/div>\n<\/div>\n<\/section>","protected":false},"excerpt":{"rendered":"<p>Sammelstiftung FCPE-Pensio FCPE-Pensio ist eine Sammelstiftung, der sich selbstst\u00e4ndige Arbeitgeber anschlie\u00dfen k\u00f6nnen, um das obligatorische oder freiwillige System der beruflichen Vorsorge anzuwenden. Jeder Arbeitgeber unterzeichnet einen Anschlussvertrag und bildet damit innerhalb der Einrichtung ein Vorsorgewerk, das wiederum mehrere Vorsorgepl\u00e4ne enthalten kann.<\/p>\n","protected":false},"author":1,"featured_media":0,"parent":0,"menu_order":0,"comment_status":"closed","ping_status":"closed","template":"","meta":{"footnotes":""},"class_list":["post-2664","page","type-page","status-publish"],"_links":{"self":[{"href":"https:\/\/fcpe-pensio.ch\/de\/wp-json\/wp\/v2\/pages\/2664","targetHints":{"allow":["GET"]}}],"collection":[{"href":"https:\/\/fcpe-pensio.ch\/de\/wp-json\/wp\/v2\/pages"}],"about":[{"href":"https:\/\/fcpe-pensio.ch\/de\/wp-json\/wp\/v2\/types\/page"}],"author":[{"embeddable":true,"href":"https:\/\/fcpe-pensio.ch\/de\/wp-json\/wp\/v2\/users\/1"}],"replies":[{"embeddable":true,"href":"https:\/\/fcpe-pensio.ch\/de\/wp-json\/wp\/v2\/comments?post=2664"}],"version-history":[{"count":0,"href":"https:\/\/fcpe-pensio.ch\/de\/wp-json\/wp\/v2\/pages\/2664\/revisions"}],"wp:attachment":[{"href":"https:\/\/fcpe-pensio.ch\/de\/wp-json\/wp\/v2\/media?parent=2664"}],"curies":[{"name":"wp","href":"https:\/\/api.w.org\/{rel}","templated":true}]}}