{"id":2656,"date":"2021-05-30T14:08:16","date_gmt":"2021-05-30T13:08:16","guid":{"rendered":"https:\/\/new.fcpe-pensio.ch\/fcpe-pensio-bvg-sammelstiftung\/"},"modified":"2024-04-15T15:01:21","modified_gmt":"2024-04-15T14:01:21","slug":"fcpe-pensio-bvg-sammelstiftung","status":"publish","type":"page","link":"https:\/\/fcpe-pensio.ch\/de\/","title":{"rendered":"Willkommen"},"content":{"rendered":"<section class=\"gb-container gb-container-e3a83794\">\n<div class=\"gb-container gb-container-933452f0\">\n<div class=\"gb-container gb-container-0a0d448b\">\n\n<p class=\"gb-headline gb-headline-48fa4c90\"><span class=\"gb-icon\"><\/span>BVG-Sammelstiftung<span class=\"gb-headline-text\"> <\/span><\/p>\n\n\n\n<h1 class=\"gb-headline gb-headline-6d0434ca gb-headline-text\">Ihre massgeschneiderte berufliche Vorsorge mit <br><mark class=\"gb-highlight\">FCPE-Pensio<\/mark><\/h1>\n\n\n\n<p><\/p>\n\n<\/div>\n<\/div>\n<\/section>\n\n<section class=\"gb-container gb-container-32843d3d\">\n<div class=\"gb-container gb-container-73d71902\">\n\n<h2 class=\"gb-headline gb-headline-fa4fb7d8 gb-headline-text\">Willkommen<\/h2>\n\n\n\n<p>Die Sammelstiftung FCPE-Pensio bezweckt die Durchf\u00fchrung der beruflichen Vorsorge. Sie wurde 2003 gegr\u00fcndet. Seit dem 1<sup>.<\/sup>&nbsp;Januar 2009 hat sie ihren Sitz in Lausanne.<\/p>\n\n\n\n<p>Die Sammelstiftung FCPE-Pensio bietet kleinen, mittleren und grossen Unternehmen die M\u00f6glichkeit, eine perfekt auf ihren Bedarf zugeschnittene L\u00f6sung f\u00fcr die berufliche Vorsorge zu erhalten und ihre Angestellten von sozialen Leistungen und modernsten L\u00f6sungen und Techniken profitieren zu lassen.<\/p>\n\n\n\n<p>Jedes angeschlossene Unternehmen hat sein eigenes Vorsorgewerk. Sie w\u00e4hlt ihren Vorsorgeplan, ihren R\u00fcckversicherer, ihre Verm\u00f6gensverwaltung usw. aus. <\/p>\n\n\n\n<p>Mit ausgew\u00e4hlten Partnern bietet die Stiftung ausgezeichnete L\u00f6sungen f\u00fcr die Verm\u00f6gensverwaltung sowie f\u00fcr die R\u00fcckversicherung von Invalidit\u00e4ts- und Todesfallrisiken.<\/p>\n\n\n\n<p>Die Stiftung FCPE-Pensio ist unabh\u00e4ngig und geh\u00f6rt nur ihren Versicherten und Beg\u00fcnstigten. Sie ist nicht von einer Versicherungsgesellschaft, einer Bank oder einem Makler abh\u00e4ngig. So kann sie alle ihre Anbieter dem Wettbewerb unterwerfen. Sie gibt nur wenig f\u00fcr ihre Gesch\u00e4ftsentwicklung aus, sondern bedient in erster Linie ihre angeschlossenen Unternehmen. Dadurch hat sie eine hohe Kosteneffizienz.<\/p>\n\n<\/div>\n<\/section>\n\n<section class=\"gb-container gb-container-fb4ed722\"><\/section>","protected":false},"excerpt":{"rendered":"<p>BVG-Sammelstiftung Ihre massgeschneiderte berufliche Vorsorge mit FCPE-Pensio Willkommen Die Sammelstiftung FCPE-Pensio bezweckt die Durchf\u00fchrung der beruflichen Vorsorge. Sie wurde 2003 gegr\u00fcndet. Seit dem 1.&nbsp;Januar 2009 hat sie ihren Sitz in Lausanne. Die Sammelstiftung FCPE-Pensio bietet kleinen, mittleren und grossen Unternehmen die M\u00f6glichkeit, eine perfekt auf ihren Bedarf zugeschnittene L\u00f6sung f\u00fcr die berufliche Vorsorge zu erhalten &#8230; <a title=\"Willkommen\" class=\"read-more\" href=\"https:\/\/fcpe-pensio.ch\/de\/\" aria-label=\"Mehr Informationen \u00fcber Willkommen\">Weiterlesen &#8230;<\/a><\/p>\n","protected":false},"author":1,"featured_media":0,"parent":0,"menu_order":0,"comment_status":"closed","ping_status":"closed","template":"","meta":{"footnotes":""},"class_list":["post-2656","page","type-page","status-publish"],"_links":{"self":[{"href":"https:\/\/fcpe-pensio.ch\/de\/wp-json\/wp\/v2\/pages\/2656","targetHints":{"allow":["GET"]}}],"collection":[{"href":"https:\/\/fcpe-pensio.ch\/de\/wp-json\/wp\/v2\/pages"}],"about":[{"href":"https:\/\/fcpe-pensio.ch\/de\/wp-json\/wp\/v2\/types\/page"}],"author":[{"embeddable":true,"href":"https:\/\/fcpe-pensio.ch\/de\/wp-json\/wp\/v2\/users\/1"}],"replies":[{"embeddable":true,"href":"https:\/\/fcpe-pensio.ch\/de\/wp-json\/wp\/v2\/comments?post=2656"}],"version-history":[{"count":1,"href":"https:\/\/fcpe-pensio.ch\/de\/wp-json\/wp\/v2\/pages\/2656\/revisions"}],"predecessor-version":[{"id":2663,"href":"https:\/\/fcpe-pensio.ch\/de\/wp-json\/wp\/v2\/pages\/2656\/revisions\/2663"}],"wp:attachment":[{"href":"https:\/\/fcpe-pensio.ch\/de\/wp-json\/wp\/v2\/media?parent=2656"}],"curies":[{"name":"wp","href":"https:\/\/api.w.org\/{rel}","templated":true}]}}